{"id":364,"date":"2021-09-08T16:29:08","date_gmt":"2021-09-08T14:29:08","guid":{"rendered":"https:\/\/www.holiday-apartment-sardinia.com\/verifica-la-disponibilita\/"},"modified":"2021-11-01T16:10:38","modified_gmt":"2021-11-01T15:10:38","slug":"verifica-la-disponibilita","status":"publish","type":"page","link":"https:\/\/www.holiday-apartment-sardinia.com\/it\/verifica-la-disponibilita\/","title":{"rendered":"Verifica la disponibilit\u00e0"},"content":{"rendered":"\n[et_pb_section fb_built=&#8221;1&#8243; _builder_version=&#8221;4.11.1&#8243; global_colors_info=&#8221;{}&#8221;][et_pb_row _builder_version=&#8221;4.11.1&#8243; background_size=&#8221;initial&#8221; background_position=&#8221;top_left&#8221; background_repeat=&#8221;repeat&#8221; global_colors_info=&#8221;{}&#8221;][et_pb_column type=&#8221;4_4&#8243; _builder_version=&#8221;3.25&#8243; custom_padding=&#8221;|||&#8221; global_colors_info=&#8221;{}&#8221; custom_padding__hover=&#8221;|||&#8221;][et_pb_text _builder_version=&#8221;4.11.1&#8243; animation_direction=&#8221;left&#8221; locked=&#8221;off&#8221; global_colors_info=&#8221;{}&#8221;]<h1>Verificare la disponibilit\u00e0<\/h1>[\/et_pb_text][\/et_pb_column][\/et_pb_row][et_pb_row column_structure=&#8221;3_5,2_5&#8243; _builder_version=&#8221;4.11.1&#8243; background_size=&#8221;initial&#8221; background_position=&#8221;top_left&#8221; background_repeat=&#8221;repeat&#8221; custom_padding=&#8221;||150px|||&#8221; global_colors_info=&#8221;{}&#8221;][et_pb_column type=&#8221;3_5&#8243; _builder_version=&#8221;3.25&#8243; custom_padding=&#8221;|||&#8221; global_colors_info=&#8221;{}&#8221; custom_padding__hover=&#8221;|||&#8221;][et_pb_text _builder_version=&#8221;4.11.1&#8243; _module_preset=&#8221;default&#8221; global_colors_info=&#8221;{}&#8221;]<p>Volete prenotare il vostro soggiorno in Sardegna con noi? Il nostro accogliente appartamento con 2 camere da letto -che pu\u00f2 ospitare un massimo di 4 persone- si trova nel cuore di Villanova, uno dei quartieri pi\u00f9 belli di Cagliari. Scopri se c&#8217;\u00e8 ancora spazio libero!<\/p>[\/et_pb_text][mphb-divi-availability-search adults=&#8221;4&#8243; children=&#8221;3&#8243; form_style=&#8221;horizontal-left&#8221; _builder_version=&#8221;4.12.0&#8243; _module_preset=&#8221;default&#8221; hover_enabled=&#8221;0&#8243; global_colors_info=&#8221;{}&#8221; sticky_enabled=&#8221;0&#8243; attributes=&#8221;466&#8243;][\/mphb-divi-availability-search][et_pb_text _builder_version=&#8221;4.9.10&#8243; _module_preset=&#8221;default&#8221; global_colors_info=&#8221;{}&#8221;]<p>Il tuo bambino \u00e8 sempre il benvenuto nell&#8217;appartamento di Juno. Per una piccola somma prepariamo una culla e un seggiolone durante il vostro soggiorno nell&#8217;appartamento di Juno.<\/p>\n<p>&nbsp;<\/p>[\/et_pb_text][\/et_pb_column][et_pb_column type=&#8221;2_5&#8243; _builder_version=&#8221;3.25&#8243; custom_padding=&#8221;|||&#8221; global_colors_info=&#8221;{}&#8221; custom_padding__hover=&#8221;|||&#8221;][mphb-divi-availability-calendar id=&#8221;466&#8243; monthstoshow=&#8221;2&#8243; _builder_version=&#8221;4.12.0&#8243; _module_preset=&#8221;default&#8221; animation_style=&#8221;fade&#8221; hover_enabled=&#8221;0&#8243; global_colors_info=&#8221;{}&#8221; sticky_enabled=&#8221;0&#8243;][\/mphb-divi-availability-calendar][\/et_pb_column][\/et_pb_row][et_pb_row column_structure=&#8221;1_3,1_3,1_3&#8243; _builder_version=&#8221;4.11.1&#8243; background_size=&#8221;initial&#8221; background_position=&#8221;top_left&#8221; background_repeat=&#8221;repeat&#8221; global_colors_info=&#8221;{}&#8221;][et_pb_column type=&#8221;1_3&#8243; _builder_version=&#8221;3.25&#8243; custom_padding=&#8221;|||&#8221; global_colors_info=&#8221;{}&#8221; custom_padding__hover=&#8221;|||&#8221;][et_pb_image src=&#8221;https:\/\/www.holiday-apartment-sardinia.com\/wp-content\/uploads\/2021\/10\/via-san-giacomo-1080&#215;1080-1.jpg&#8221; alt=&#8221;Juno&#8217;s holiday apartment &#8211; Via San Giacomo&#8221; title_text=&#8221;Juno&#8217;s holiday apartment &#8211; Via San Giacomo&#8221; show_in_lightbox=&#8221;on&#8221; _builder_version=&#8221;4.11.0&#8243; _module_preset=&#8221;default&#8221; global_colors_info=&#8221;{}&#8221;][\/et_pb_image][\/et_pb_column][et_pb_column type=&#8221;1_3&#8243; _builder_version=&#8221;3.25&#8243; custom_padding=&#8221;|||&#8221; global_colors_info=&#8221;{}&#8221; custom_padding__hover=&#8221;|||&#8221;][et_pb_image src=&#8221;https:\/\/www.holiday-apartment-sardinia.com\/wp-content\/uploads\/2021\/10\/bastione-1080&#215;1080-1.jpg&#8221; alt=&#8221;Juno&#8217;s holiday apartment &#8211; Bastione St. Remy, Cagliari&#8221; title_text=&#8221;Juno&#8217;s holiday apartment &#8211; Bastione St. Remy, Cagliari&#8221; show_in_lightbox=&#8221;on&#8221; _builder_version=&#8221;4.11.0&#8243; _module_preset=&#8221;default&#8221; global_colors_info=&#8221;{}&#8221;][\/et_pb_image][\/et_pb_column][et_pb_column type=&#8221;1_3&#8243; _builder_version=&#8221;3.25&#8243; custom_padding=&#8221;|||&#8221; global_colors_info=&#8221;{}&#8221; custom_padding__hover=&#8221;|||&#8221;][et_pb_image src=&#8221;https:\/\/www.holiday-apartment-sardinia.com\/wp-content\/uploads\/2021\/10\/piazza-domenico-1080&#215;1080-1.jpg&#8221; alt=&#8221;Juno&#8217;s holiday apartment &#8211; Piazza San Domenico&#8221; title_text=&#8221;Juno&#8217;s holiday apartment &#8211; Piazza San Domenico&#8221; show_in_lightbox=&#8221;on&#8221; _builder_version=&#8221;4.11.0&#8243; _module_preset=&#8221;default&#8221; global_colors_info=&#8221;{}&#8221;][\/et_pb_image][\/et_pb_column][\/et_pb_row][\/et_pb_section]\n","protected":false},"excerpt":{"rendered":"<p>Verificare la disponibilit\u00e0Volete prenotare il vostro soggiorno in Sardegna con noi? Il nostro accogliente appartamento con 2 camere da letto -che pu\u00f2 ospitare un massimo di 4 persone- si trova nel cuore di Villanova, uno dei quartieri pi\u00f9 belli di Cagliari. Scopri se c&#8217;\u00e8 ancora spazio libero!<div class=\"et_pb_module mphb-divi-availability-search mphb-divi-availability-search_0\">\n\t\t\t\t\n\t\t\t\t\n\t\t\t\t\n\t\t\t\t\n\t\t\t\t\n\t\t\t\t\n\t\t\t\t<div class=\"et_pb_module_inner\">\n\t\t\t\t\t<div class=\"mphb_sc_search-wrapper  &#8221;horizontal-left&#8221;\"><form method=\"GET\" class=\"mphb_sc_search-form\" action=\"https:\/\/www.holiday-apartment-sardinia.com\/it\/risultati-della-ricerca\/\">\n\n\t<p class = \"mphb-required-fields-tip\">\n\t<small>\n\t\tI campi obbligatori sono seguiti da\t\t<abbr title=\"required\">*<\/abbr>\n\t<\/small>\n<\/p>\n\t<p class=\"mphb_sc_search-check-in-date\">\n\t\t<label for=\"mphb_check_in_date-mphb-search-form-69e362497b306\">\n\t\t\tCheck-in\t\t\t<abbr title=\"Formato dd\/mm\/yyyy\">*<\/abbr>\n\t\t<\/label>\n\t\t<br \/>\n\t\t<input\n\t\t\tid=\"mphb_check_in_date-mphb-search-form-69e362497b306\"\n\t\t\tdata-datepick-group=\"mphb-search-form-69e362497b306\"\n\t\t\tvalue=\"\"\n\t\t\tplaceholder=\"Data di arrivo\"\n\t\t\trequired=\"required\"\n\t\t\ttype=\"text\"\n\t\t\tinputmode=\"none\"\n\t\t\tname=\"mphb_check_in_date\"\n\t\t\tclass=\"mphb-datepick\"\n\t\t\tautocomplete=\"off\"\n\t\t\t\/>\n\t<\/p>\n\n\t<p class=\"mphb_sc_search-check-out-date\">\n\t\t<label for=\"mphb_check_out_date-mphb-search-form-69e362497b306\">\n\t\t\tCheck-out\t\t\t<abbr title=\"Formato dd\/mm\/yyyy\">*<\/abbr>\n\t\t<\/label>\n\t\t<br \/>\n\t\t<input\n\t\t\tid=\"mphb_check_out_date-mphb-search-form-69e362497b306\"\n\t\t\tdata-datepick-group=\"mphb-search-form-69e362497b306\"\n\t\t\tvalue=\"\"\n\t\t\tplaceholder=\"Data di partenza\"\n\t\t\trequired=\"required\"\n\t\t\ttype=\"text\"\n\t\t\tinputmode=\"none\"\n\t\t\tname=\"mphb_check_out_date\"\n\t\t\tclass=\"mphb-datepick\"\n\t\t\tautocomplete=\"off\"\n\t\t\t\/>\n\t<\/p>\n\n\t\t\t<p class=\"mphb_sc_search-adults\">\n\t\t\t<label for=\"mphb_adults-mphb-search-form-69e362497b306\">\n\t\t\t\tOspiti\t\t\t<\/label>\n\t\t\t<br \/>\n\t\t\t<select id=\"mphb_adults-mphb-search-form-69e362497b306\" name=\"mphb_adults\" >\n\t\t\t\t\t\t\t\t\t<option value=\"1\"  selected='selected'>1<\/option>\n\t\t\t\t\t\t\t\t\t<option value=\"2\" >2<\/option>\n\t\t\t\t\t\t\t\t\t<option value=\"3\" >3<\/option>\n\t\t\t\t\t\t\t\t\t<option value=\"4\" >4<\/option>\n\t\t\t\t\t\t\t<\/select>\n\t\t<\/p>\n\t\n\t\t\t<input type=\"hidden\" id=\"mphb_children-mphb-search-form-69e362497b306\" name=\"mphb_children\" value=\"0\" \/>\n\t\n\t\n\t\n\t<input id=\"mphb_check_in_date-mphb-search-form-69e362497b306-hidden\" value=\"\" type=\"hidden\" name=\"mphb_check_in_date\" \/><input id=\"mphb_check_out_date-mphb-search-form-69e362497b306-hidden\" value=\"\" type=\"hidden\" name=\"mphb_check_out_date\" \/>\n\t<p class=\"mphb_sc_search-submit-button-wrapper\">\n\t\t<input type=\"submit\" class=\"button\" value=\"Cerca\"\/>\n\t<\/p>\n\n\t\n<\/form>\n<\/div>\n\t\t\t\t<\/div>\n\t\t\t<\/div><\/p>\n","protected":false},"author":2,"featured_media":0,"parent":0,"menu_order":0,"comment_status":"closed","ping_status":"closed","template":"","meta":{"_et_pb_use_builder":"on","_et_pb_old_content":"","_et_gb_content_width":"","footnotes":""},"class_list":["post-364","page","type-page","status-publish","hentry"],"_links":{"self":[{"href":"https:\/\/www.holiday-apartment-sardinia.com\/it\/wp-json\/wp\/v2\/pages\/364","targetHints":{"allow":["GET"]}}],"collection":[{"href":"https:\/\/www.holiday-apartment-sardinia.com\/it\/wp-json\/wp\/v2\/pages"}],"about":[{"href":"https:\/\/www.holiday-apartment-sardinia.com\/it\/wp-json\/wp\/v2\/types\/page"}],"author":[{"embeddable":true,"href":"https:\/\/www.holiday-apartment-sardinia.com\/it\/wp-json\/wp\/v2\/users\/2"}],"replies":[{"embeddable":true,"href":"https:\/\/www.holiday-apartment-sardinia.com\/it\/wp-json\/wp\/v2\/comments?post=364"}],"version-history":[{"count":24,"href":"https:\/\/www.holiday-apartment-sardinia.com\/it\/wp-json\/wp\/v2\/pages\/364\/revisions"}],"predecessor-version":[{"id":718,"href":"https:\/\/www.holiday-apartment-sardinia.com\/it\/wp-json\/wp\/v2\/pages\/364\/revisions\/718"}],"wp:attachment":[{"href":"https:\/\/www.holiday-apartment-sardinia.com\/it\/wp-json\/wp\/v2\/media?parent=364"}],"curies":[{"name":"wp","href":"https:\/\/api.w.org\/{rel}","templated":true}]}}